{"id":79,"date":"2025-04-28T12:10:52","date_gmt":"2025-04-28T11:10:52","guid":{"rendered":"https:\/\/bill.alwaysdata.net\/latraceusedechemin\/?page_id=79"},"modified":"2025-05-17T20:34:15","modified_gmt":"2025-05-17T19:34:15","slug":"blog","status":"publish","type":"page","link":"https:\/\/latraceusedechemin.com\/index.php\/blog\/","title":{"rendered":""},"content":{"rendered":"\n<p class=\"has-luminous-vivid-orange-color has-text-color has-link-color has-x-large-font-size wp-elements-a55fbf45395cd95826a54fb5d74ba948\">Blog<\/p>\n\n\n\n<p class=\".pt-cv-readmore {     color:#19194D  !important;     background-color: YOUR_COLOR !important;     border: none !important; \">Ce blog est un espace de r\u00e9flexion, de partage et d\u2019inspiration. Vous y trouverez des ressources pour mieux comprendre ce que vous vivez, des conseils pour avancer malgr\u00e9 les doutes, et des t\u00e9moignages pour vous rappeler que vous n&rsquo;\u00eates pas seul\u00b7e.<\/p>\n\n\n<div class=\"pt-cv-wrapper\"><div class=\"pt-cv-view pt-cv-grid pt-cv-colsys\" id=\"pt-cv-view-046c7d3t90\"><div data-id=\"pt-cv-page-1\" class=\"pt-cv-page\" data-cvc=\"2\"><div class=\"col-md-6 col-sm-3 col-xs-12 pt-cv-content-item pt-cv-1-col\" ><div class='pt-cv-ifield'><a href=\"https:\/\/latraceusedechemin.com\/index.php\/2025\/04\/28\/comment-enseigner-le-growth-mindset-a-son-enfant\/\" class=\"_self pt-cv-href-thumbnail pt-cv-thumb-default\" target=\"_self\" ><img decoding=\"async\" src=\"https:\/\/latraceusedechemin.com\/wp-content\/plugins\/content-views-query-and-display-post-page\/public\/assets\/images\/default_image.png\" class=\"pt-cv-thumbnail cv-default-img\" alt=\"Comment enseigner le growth mindset \u00e0 votre enfant ?\" title=\"\" \/><\/a>\n<div class=\"pt-cv-taxoterm above_title\"><a href='https:\/\/latraceusedechemin.com\/index.php\/category\/mindset\/' title='Mindset' class='pt-cv-tax-mindset'>Mindset<\/a><\/div>\n<h5 class=\"pt-cv-title\"><a href=\"https:\/\/latraceusedechemin.com\/index.php\/2025\/04\/28\/comment-enseigner-le-growth-mindset-a-son-enfant\/\" class=\"_self\" target=\"_self\" >Comment enseigner le growth mindset \u00e0 votre enfant ?<\/a><\/h5>\n<div class=\"pt-cv-content\">Un enfant r\u00e9ussit un exercice en quelques secondes, sans effort ni erreur. Le parent ou l\u2019enseignant applaudit fi\u00e8rement : \u201cTu ...<br \/><div class=\"pt-cv-rmwrap\"><a href=\"https:\/\/latraceusedechemin.com\/index.php\/2025\/04\/28\/comment-enseigner-le-growth-mindset-a-son-enfant\/\" class=\"_self pt-cv-readmore btn btn-success\" target=\"_self\">Lire La Suite\u2026<\/a><\/div><\/div>\n<div class=\"pt-cv-meta-fields\"><span class=\"entry-date\"> <time datetime=\"2025-04-28T12:19:26+01:00\">28 avril 2025<\/time><\/span><span> \/ <\/span><span class=\"author\"> <a href=\"https:\/\/latraceusedechemin.com\/index.php\/author\/latraceusedechemingmail-com\/\" rel=\"author\">Thilda GODONOU<\/a><\/span><span> \/ <\/span><span class=\"terms\"> <a href='https:\/\/latraceusedechemin.com\/index.php\/category\/mindset\/' title='Mindset' class='pt-cv-tax-mindset'>Mindset<\/a><\/span><\/div><\/div><\/div>\n<div class=\"col-md-6 col-sm-3 col-xs-12 pt-cv-content-item pt-cv-1-col\" ><div class='pt-cv-ifield'><a href=\"https:\/\/latraceusedechemin.com\/index.php\/2025\/04\/28\/mindset-la-nouvelle-psychologie-du-succes\/\" class=\"_self pt-cv-href-thumbnail pt-cv-thumb-default\" target=\"_self\" ><img decoding=\"async\" src=\"https:\/\/latraceusedechemin.com\/wp-content\/plugins\/content-views-query-and-display-post-page\/public\/assets\/images\/default_image.png\" class=\"pt-cv-thumbnail cv-default-img\" alt=\"Mindset : la nouvelle psychologie du succ\u00e8s\" title=\"\" \/><\/a>\n<div class=\"pt-cv-taxoterm above_title\"><a href='https:\/\/latraceusedechemin.com\/index.php\/category\/les-resumes-de-ltc\/' title='Les r\u00e9sum\u00e9s de LTC' class='pt-cv-tax-les-resumes-de-ltc'>Les r\u00e9sum\u00e9s de LTC<\/a><\/div>\n<h5 class=\"pt-cv-title\"><a href=\"https:\/\/latraceusedechemin.com\/index.php\/2025\/04\/28\/mindset-la-nouvelle-psychologie-du-succes\/\" class=\"_self\" target=\"_self\" >Mindset : la nouvelle psychologie du succ\u00e8s<\/a><\/h5>\n<div class=\"pt-cv-content\"><em>Les r\u00e9sum\u00e9s de LTC - N\u00b0 1 :<\/em> <em>Mindset : the new psychology of success - Carol Dweck, 2006<\/em> \/ ...<br \/><div class=\"pt-cv-rmwrap\"><a href=\"https:\/\/latraceusedechemin.com\/index.php\/2025\/04\/28\/mindset-la-nouvelle-psychologie-du-succes\/\" class=\"_self pt-cv-readmore btn btn-success\" target=\"_self\">Lire La Suite\u2026<\/a><\/div><\/div>\n<div class=\"pt-cv-meta-fields\"><span class=\"entry-date\"> <time datetime=\"2025-04-28T16:02:19+01:00\">28 avril 2025<\/time><\/span><span> \/ <\/span><span class=\"author\"> <a href=\"https:\/\/latraceusedechemin.com\/index.php\/author\/latraceusedechemingmail-com\/\" rel=\"author\">Thilda GODONOU<\/a><\/span><span> \/ <\/span><span class=\"terms\"> <a href='https:\/\/latraceusedechemin.com\/index.php\/category\/les-resumes-de-ltc\/' title='Les r\u00e9sum\u00e9s de LTC' class='pt-cv-tax-les-resumes-de-ltc'>Les r\u00e9sum\u00e9s de LTC<\/a><\/span><\/div><\/div><\/div>\n<div class=\"col-md-6 col-sm-3 col-xs-12 pt-cv-content-item pt-cv-1-col\" ><div class='pt-cv-ifield'><a href=\"https:\/\/latraceusedechemin.com\/index.php\/2025\/04\/30\/ces-3-decisions-qui-freinent-votre-carriere\/\" class=\"_self pt-cv-href-thumbnail pt-cv-thumb-default\" target=\"_self\" ><img decoding=\"async\" src=\"https:\/\/latraceusedechemin.com\/wp-content\/plugins\/content-views-query-and-display-post-page\/public\/assets\/images\/default_image.png\" class=\"pt-cv-thumbnail cv-default-img\" alt=\"Ces 3 d\u00e9cisions qui freinent votre carri\u00e8re\" title=\"\" \/><\/a>\n<div class=\"pt-cv-taxoterm above_title\"><a href='https:\/\/latraceusedechemin.com\/index.php\/category\/mindset\/' title='Mindset' class='pt-cv-tax-mindset'>Mindset<\/a><\/div>\n<h5 class=\"pt-cv-title\"><a href=\"https:\/\/latraceusedechemin.com\/index.php\/2025\/04\/30\/ces-3-decisions-qui-freinent-votre-carriere\/\" class=\"_self\" target=\"_self\" >Ces 3 d\u00e9cisions qui freinent votre carri\u00e8re<\/a><\/h5>\n<div class=\"pt-cv-content\">Il y a quelque chose d\u2019\u00e9trange dans l\u2019\u00e9chec, n'est-ce pas ? Il prend parfois la voix de votre entourage, se ...<br \/><div class=\"pt-cv-rmwrap\"><a href=\"https:\/\/latraceusedechemin.com\/index.php\/2025\/04\/30\/ces-3-decisions-qui-freinent-votre-carriere\/\" class=\"_self pt-cv-readmore btn btn-success\" target=\"_self\">Lire La Suite\u2026<\/a><\/div><\/div>\n<div class=\"pt-cv-meta-fields\"><span class=\"entry-date\"> <time datetime=\"2025-04-30T17:56:24+01:00\">30 avril 2025<\/time><\/span><span> \/ <\/span><span class=\"author\"> <a href=\"https:\/\/latraceusedechemin.com\/index.php\/author\/latraceusedechemingmail-com\/\" rel=\"author\">Thilda GODONOU<\/a><\/span><span> \/ <\/span><span class=\"terms\"> <a href='https:\/\/latraceusedechemin.com\/index.php\/category\/mindset\/' title='Mindset' class='pt-cv-tax-mindset'>Mindset<\/a><\/span><\/div><\/div><\/div>\n<div class=\"col-md-6 col-sm-3 col-xs-12 pt-cv-content-item pt-cv-1-col\" ><div class='pt-cv-ifield'><a href=\"https:\/\/latraceusedechemin.com\/index.php\/2025\/06\/23\/le-talent-code-on-ne-nait-pas-talentueux-on-le-devient\/\" class=\"_self pt-cv-href-thumbnail pt-cv-thumb-default\" target=\"_self\" ><img decoding=\"async\" src=\"https:\/\/latraceusedechemin.com\/wp-content\/plugins\/content-views-query-and-display-post-page\/public\/assets\/images\/default_image.png\" class=\"pt-cv-thumbnail cv-default-img\" alt=\"Le talent code : on ne na\u00eet pas talentueux, on le devient\" title=\"\" \/><\/a>\n<div class=\"pt-cv-taxoterm above_title\"><a href='https:\/\/latraceusedechemin.com\/index.php\/category\/les-resumes-de-ltc\/' title='Les r\u00e9sum\u00e9s de LTC' class='pt-cv-tax-les-resumes-de-ltc'>Les r\u00e9sum\u00e9s de LTC<\/a><\/div>\n<h5 class=\"pt-cv-title\"><a href=\"https:\/\/latraceusedechemin.com\/index.php\/2025\/06\/23\/le-talent-code-on-ne-nait-pas-talentueux-on-le-devient\/\" class=\"_self\" target=\"_self\" >Le talent code : on ne na\u00eet pas talentueux, on le devient<\/a><\/h5>\n<div class=\"pt-cv-content\"><em>Les r\u00e9sum\u00e9s de LTC - N\u00b02 : The talent code : greatest isn\u2019t born. It\u2019s grown. Here\u2019s how - Livre ...<br \/><div class=\"pt-cv-rmwrap\"><a href=\"https:\/\/latraceusedechemin.com\/index.php\/2025\/06\/23\/le-talent-code-on-ne-nait-pas-talentueux-on-le-devient\/\" class=\"_self pt-cv-readmore btn btn-success\" target=\"_self\">Lire La Suite\u2026<\/a><\/div><\/em><\/div>\n<div class=\"pt-cv-meta-fields\"><span class=\"entry-date\"> <time datetime=\"2025-06-23T23:03:18+01:00\">23 juin 2025<\/time><\/span><span> \/ <\/span><span class=\"author\"> <a href=\"https:\/\/latraceusedechemin.com\/index.php\/author\/latraceusedechemingmail-com\/\" rel=\"author\">Thilda GODONOU<\/a><\/span><span> \/ <\/span><span class=\"terms\"> <a href='https:\/\/latraceusedechemin.com\/index.php\/category\/les-resumes-de-ltc\/' title='Les r\u00e9sum\u00e9s de LTC' class='pt-cv-tax-les-resumes-de-ltc'>Les r\u00e9sum\u00e9s de LTC<\/a><\/span><\/div><\/div><\/div>\n<div class=\"col-md-6 col-sm-3 col-xs-12 pt-cv-content-item pt-cv-1-col\" ><div class='pt-cv-ifield'><a href=\"https:\/\/latraceusedechemin.com\/index.php\/2025\/06\/23\/le-talent-code-resume-du-livre-de-daniel-coyle-partie-2\/\" class=\"_self pt-cv-href-thumbnail pt-cv-thumb-default\" target=\"_self\" ><img decoding=\"async\" src=\"https:\/\/latraceusedechemin.com\/wp-content\/plugins\/content-views-query-and-display-post-page\/public\/assets\/images\/default_image.png\" class=\"pt-cv-thumbnail cv-default-img\" alt=\"Le talent code : r\u00e9sum\u00e9 du livre de Daniel Coyle, partie 2\" title=\"\" \/><\/a>\n<div class=\"pt-cv-taxoterm above_title\"><a href='https:\/\/latraceusedechemin.com\/index.php\/category\/les-resumes-de-ltc\/' title='Les r\u00e9sum\u00e9s de LTC' class='pt-cv-tax-les-resumes-de-ltc'>Les r\u00e9sum\u00e9s de LTC<\/a><\/div>\n<h5 class=\"pt-cv-title\"><a href=\"https:\/\/latraceusedechemin.com\/index.php\/2025\/06\/23\/le-talent-code-resume-du-livre-de-daniel-coyle-partie-2\/\" class=\"_self\" target=\"_self\" >Le talent code : r\u00e9sum\u00e9 du livre de Daniel Coyle, partie 2<\/a><\/h5>\n<div class=\"pt-cv-content\"><em>Les r\u00e9sum\u00e9s de LTC - N\u00b03 : The talent code : greatest isn\u2019t born. It\u2019s grown. Here\u2019s how - Livre ...<br \/><div class=\"pt-cv-rmwrap\"><a href=\"https:\/\/latraceusedechemin.com\/index.php\/2025\/06\/23\/le-talent-code-resume-du-livre-de-daniel-coyle-partie-2\/\" class=\"_self pt-cv-readmore btn btn-success\" target=\"_self\">Lire La Suite\u2026<\/a><\/div><\/em><\/div>\n<div class=\"pt-cv-meta-fields\"><span class=\"entry-date\"> <time datetime=\"2025-06-23T23:08:23+01:00\">23 juin 2025<\/time><\/span><span> \/ <\/span><span class=\"author\"> <a href=\"https:\/\/latraceusedechemin.com\/index.php\/author\/latraceusedechemingmail-com\/\" rel=\"author\">Thilda GODONOU<\/a><\/span><span> \/ <\/span><span class=\"terms\"> <a href='https:\/\/latraceusedechemin.com\/index.php\/category\/les-resumes-de-ltc\/' title='Les r\u00e9sum\u00e9s de LTC' class='pt-cv-tax-les-resumes-de-ltc'>Les r\u00e9sum\u00e9s de LTC<\/a><\/span><\/div><\/div><\/div>\n<div class=\"col-md-6 col-sm-3 col-xs-12 pt-cv-content-item pt-cv-1-col\" ><div class='pt-cv-ifield'><a href=\"https:\/\/latraceusedechemin.com\/index.php\/2025\/06\/30\/mindset-votre-entreprise-va-t-elle-prosperer-ou-seffondrer\/\" class=\"_self pt-cv-href-thumbnail pt-cv-thumb-default\" target=\"_self\" ><img decoding=\"async\" src=\"https:\/\/latraceusedechemin.com\/wp-content\/plugins\/content-views-query-and-display-post-page\/public\/assets\/images\/default_image.png\" class=\"pt-cv-thumbnail cv-default-img\" alt=\"Mindset : votre entreprise va-t-elle prosp\u00e9rer ou s&#039;effondrer ?\" title=\"\" \/><\/a>\n<div class=\"pt-cv-taxoterm above_title\"><a href='https:\/\/latraceusedechemin.com\/index.php\/category\/mindset\/' title='Mindset' class='pt-cv-tax-mindset'>Mindset<\/a><\/div>\n<h5 class=\"pt-cv-title\"><a href=\"https:\/\/latraceusedechemin.com\/index.php\/2025\/06\/30\/mindset-votre-entreprise-va-t-elle-prosperer-ou-seffondrer\/\" class=\"_self\" target=\"_self\" >Mindset : votre entreprise va-t-elle prosp\u00e9rer ou s&rsquo;effondrer ?<\/a><\/h5>\n<div class=\"pt-cv-content\">On parle tr\u00e8s souvent du <strong>mindset <\/strong>de mani\u00e8re individuelle. Mais en entreprise, la culture qui r\u00e8gne dans toute l'organisation est ...<br \/><div class=\"pt-cv-rmwrap\"><a href=\"https:\/\/latraceusedechemin.com\/index.php\/2025\/06\/30\/mindset-votre-entreprise-va-t-elle-prosperer-ou-seffondrer\/\" class=\"_self pt-cv-readmore btn btn-success\" target=\"_self\">Lire La Suite\u2026<\/a><\/div><\/div>\n<div class=\"pt-cv-meta-fields\"><span class=\"entry-date\"> <time datetime=\"2025-06-30T16:55:32+01:00\">30 juin 2025<\/time><\/span><span> \/ <\/span><span class=\"author\"> <a href=\"https:\/\/latraceusedechemin.com\/index.php\/author\/latraceusedechemingmail-com\/\" rel=\"author\">Thilda GODONOU<\/a><\/span><span> \/ <\/span><span class=\"terms\"> <a href='https:\/\/latraceusedechemin.com\/index.php\/category\/mindset\/' title='Mindset' class='pt-cv-tax-mindset'>Mindset<\/a><\/span><\/div><\/div><\/div><\/div><\/div><\/div>\n","protected":false},"excerpt":{"rendered":"<p>Blog Ce blog est un espace de r\u00e9flexion, de partage et d\u2019inspiration. Vous y trouverez des ressources pour mieux comprendre ce que vous vivez, des conseils pour avancer malgr\u00e9 les doutes, et des t\u00e9moignages pour vous rappeler que vous n&rsquo;\u00eates pas seul\u00b7e.<\/p>\n","protected":false},"author":2,"featured_media":0,"parent":0,"menu_order":0,"comment_status":"closed","ping_status":"closed","template":"","meta":{"footnotes":""},"class_list":["post-79","page","type-page","status-publish","hentry"],"yoast_head":"<!-- This site is optimized with the Yoast SEO plugin v25.1 - https:\/\/yoast.com\/wordpress\/plugins\/seo\/ -->\n<title>- La Traceuse De Chemin<\/title>\n<meta name=\"robots\" content=\"index, follow, max-snippet:-1, max-image-preview:large, max-video-preview:-1\" \/>\n<link rel=\"canonical\" href=\"https:\/\/latraceusedechemin.com\/index.php\/blog\/\" \/>\n<meta property=\"og:locale\" content=\"fr_FR\" \/>\n<meta property=\"og:type\" content=\"article\" \/>\n<meta property=\"og:title\" content=\"- La Traceuse De Chemin\" \/>\n<meta property=\"og:description\" content=\"Blog Ce blog est un espace de r\u00e9flexion, de partage et d\u2019inspiration. Vous y trouverez des ressources pour mieux comprendre ce que vous vivez, des conseils pour avancer malgr\u00e9 les doutes, et des t\u00e9moignages pour vous rappeler que vous n&rsquo;\u00eates pas seul\u00b7e.\" \/>\n<meta property=\"og:url\" content=\"https:\/\/latraceusedechemin.com\/index.php\/blog\/\" \/>\n<meta property=\"og:site_name\" content=\"La Traceuse De Chemin\" \/>\n<meta property=\"article:publisher\" content=\"https:\/\/www.facebook.com\/thilda.winky?mibextid=ZbWKwL\" \/>\n<meta property=\"article:modified_time\" content=\"2025-05-17T19:34:15+00:00\" \/>\n<meta name=\"twitter:card\" content=\"summary_large_image\" \/>\n<script type=\"application\/ld+json\" class=\"yoast-schema-graph\">{\"@context\":\"https:\/\/schema.org\",\"@graph\":[{\"@type\":\"WebPage\",\"@id\":\"https:\/\/latraceusedechemin.com\/index.php\/blog\/\",\"url\":\"https:\/\/latraceusedechemin.com\/index.php\/blog\/\",\"name\":\"- La Traceuse De Chemin\",\"isPartOf\":{\"@id\":\"https:\/\/latraceusedechemin.com\/#website\"},\"datePublished\":\"2025-04-28T11:10:52+00:00\",\"dateModified\":\"2025-05-17T19:34:15+00:00\",\"inLanguage\":\"fr-FR\",\"potentialAction\":[{\"@type\":\"ReadAction\",\"target\":[\"https:\/\/latraceusedechemin.com\/index.php\/blog\/\"]}]},{\"@type\":\"WebSite\",\"@id\":\"https:\/\/latraceusedechemin.com\/#website\",\"url\":\"https:\/\/latraceusedechemin.com\/\",\"name\":\"La Traceuse De Chemin\",\"description\":\"Bienvenue dans la vall\u00e9e de tous les possibles\",\"publisher\":{\"@id\":\"https:\/\/latraceusedechemin.com\/#organization\"},\"potentialAction\":[{\"@type\":\"SearchAction\",\"target\":{\"@type\":\"EntryPoint\",\"urlTemplate\":\"https:\/\/latraceusedechemin.com\/?s={search_term_string}\"},\"query-input\":{\"@type\":\"PropertyValueSpecification\",\"valueRequired\":true,\"valueName\":\"search_term_string\"}}],\"inLanguage\":\"fr-FR\"},{\"@type\":\"Organization\",\"@id\":\"https:\/\/latraceusedechemin.com\/#organization\",\"name\":\"La Traceuse De Chemin - Mathilde Mondoukp\u00e8 GODONOU\",\"url\":\"https:\/\/latraceusedechemin.com\/\",\"logo\":{\"@type\":\"ImageObject\",\"inLanguage\":\"fr-FR\",\"@id\":\"https:\/\/latraceusedechemin.com\/#\/schema\/logo\/image\/\",\"url\":\"https:\/\/latraceusedechemin.com\/wp-content\/uploads\/2025\/04\/ltc_logo.png\",\"contentUrl\":\"https:\/\/latraceusedechemin.com\/wp-content\/uploads\/2025\/04\/ltc_logo.png\",\"width\":500,\"height\":500,\"caption\":\"La Traceuse De Chemin - Mathilde Mondoukp\u00e8 GODONOU\"},\"image\":{\"@id\":\"https:\/\/latraceusedechemin.com\/#\/schema\/logo\/image\/\"},\"sameAs\":[\"https:\/\/www.facebook.com\/thilda.winky?mibextid=ZbWKwL\"]}]}<\/script>\n<!-- \/ Yoast SEO plugin. -->","yoast_head_json":{"title":"- La Traceuse De Chemin","robots":{"index":"index","follow":"follow","max-snippet":"max-snippet:-1","max-image-preview":"max-image-preview:large","max-video-preview":"max-video-preview:-1"},"canonical":"https:\/\/latraceusedechemin.com\/index.php\/blog\/","og_locale":"fr_FR","og_type":"article","og_title":"- La Traceuse De Chemin","og_description":"Blog Ce blog est un espace de r\u00e9flexion, de partage et d\u2019inspiration. Vous y trouverez des ressources pour mieux comprendre ce que vous vivez, des conseils pour avancer malgr\u00e9 les doutes, et des t\u00e9moignages pour vous rappeler que vous n&rsquo;\u00eates pas seul\u00b7e.","og_url":"https:\/\/latraceusedechemin.com\/index.php\/blog\/","og_site_name":"La Traceuse De Chemin","article_publisher":"https:\/\/www.facebook.com\/thilda.winky?mibextid=ZbWKwL","article_modified_time":"2025-05-17T19:34:15+00:00","twitter_card":"summary_large_image","schema":{"@context":"https:\/\/schema.org","@graph":[{"@type":"WebPage","@id":"https:\/\/latraceusedechemin.com\/index.php\/blog\/","url":"https:\/\/latraceusedechemin.com\/index.php\/blog\/","name":"- La Traceuse De Chemin","isPartOf":{"@id":"https:\/\/latraceusedechemin.com\/#website"},"datePublished":"2025-04-28T11:10:52+00:00","dateModified":"2025-05-17T19:34:15+00:00","inLanguage":"fr-FR","potentialAction":[{"@type":"ReadAction","target":["https:\/\/latraceusedechemin.com\/index.php\/blog\/"]}]},{"@type":"WebSite","@id":"https:\/\/latraceusedechemin.com\/#website","url":"https:\/\/latraceusedechemin.com\/","name":"La Traceuse De Chemin","description":"Bienvenue dans la vall\u00e9e de tous les possibles","publisher":{"@id":"https:\/\/latraceusedechemin.com\/#organization"},"potentialAction":[{"@type":"SearchAction","target":{"@type":"EntryPoint","urlTemplate":"https:\/\/latraceusedechemin.com\/?s={search_term_string}"},"query-input":{"@type":"PropertyValueSpecification","valueRequired":true,"valueName":"search_term_string"}}],"inLanguage":"fr-FR"},{"@type":"Organization","@id":"https:\/\/latraceusedechemin.com\/#organization","name":"La Traceuse De Chemin - Mathilde Mondoukp\u00e8 GODONOU","url":"https:\/\/latraceusedechemin.com\/","logo":{"@type":"ImageObject","inLanguage":"fr-FR","@id":"https:\/\/latraceusedechemin.com\/#\/schema\/logo\/image\/","url":"https:\/\/latraceusedechemin.com\/wp-content\/uploads\/2025\/04\/ltc_logo.png","contentUrl":"https:\/\/latraceusedechemin.com\/wp-content\/uploads\/2025\/04\/ltc_logo.png","width":500,"height":500,"caption":"La Traceuse De Chemin - Mathilde Mondoukp\u00e8 GODONOU"},"image":{"@id":"https:\/\/latraceusedechemin.com\/#\/schema\/logo\/image\/"},"sameAs":["https:\/\/www.facebook.com\/thilda.winky?mibextid=ZbWKwL"]}]}},"_links":{"self":[{"href":"https:\/\/latraceusedechemin.com\/index.php\/wp-json\/wp\/v2\/pages\/79","targetHints":{"allow":["GET"]}}],"collection":[{"href":"https:\/\/latraceusedechemin.com\/index.php\/wp-json\/wp\/v2\/pages"}],"about":[{"href":"https:\/\/latraceusedechemin.com\/index.php\/wp-json\/wp\/v2\/types\/page"}],"author":[{"embeddable":true,"href":"https:\/\/latraceusedechemin.com\/index.php\/wp-json\/wp\/v2\/users\/2"}],"replies":[{"embeddable":true,"href":"https:\/\/latraceusedechemin.com\/index.php\/wp-json\/wp\/v2\/comments?post=79"}],"version-history":[{"count":8,"href":"https:\/\/latraceusedechemin.com\/index.php\/wp-json\/wp\/v2\/pages\/79\/revisions"}],"predecessor-version":[{"id":163,"href":"https:\/\/latraceusedechemin.com\/index.php\/wp-json\/wp\/v2\/pages\/79\/revisions\/163"}],"wp:attachment":[{"href":"https:\/\/latraceusedechemin.com\/index.php\/wp-json\/wp\/v2\/media?parent=79"}],"curies":[{"name":"wp","href":"https:\/\/api.w.org\/{rel}","templated":true}]}}