{"id":227,"date":"2025-05-22T21:51:44","date_gmt":"2025-05-22T20:51:44","guid":{"rendered":"https:\/\/latraceusedechemin.com\/?page_id=227"},"modified":"2025-10-19T17:46:27","modified_gmt":"2025-10-19T16:46:27","slug":"store","status":"publish","type":"page","link":"https:\/\/latraceusedechemin.com\/index.php\/store\/","title":{"rendered":"Toolth\u00e8que"},"content":{"rendered":"\n<figure class=\"wp-block-image size-large\"><img loading=\"lazy\" decoding=\"async\" width=\"1024\" height=\"585\" src=\"https:\/\/latraceusedechemin.com\/wp-content\/uploads\/2025\/07\/ef31071f-6db6-4031-afff-131192b03edc-1024x585.jpg\" alt=\"\" class=\"wp-image-483\" srcset=\"https:\/\/latraceusedechemin.com\/wp-content\/uploads\/2025\/07\/ef31071f-6db6-4031-afff-131192b03edc-1024x585.jpg 1024w, https:\/\/latraceusedechemin.com\/wp-content\/uploads\/2025\/07\/ef31071f-6db6-4031-afff-131192b03edc-300x171.jpg 300w, https:\/\/latraceusedechemin.com\/wp-content\/uploads\/2025\/07\/ef31071f-6db6-4031-afff-131192b03edc-768x439.jpg 768w, https:\/\/latraceusedechemin.com\/wp-content\/uploads\/2025\/07\/ef31071f-6db6-4031-afff-131192b03edc-1536x878.jpg 1536w, https:\/\/latraceusedechemin.com\/wp-content\/uploads\/2025\/07\/ef31071f-6db6-4031-afff-131192b03edc.jpg 1792w\" sizes=\"auto, (max-width: 1024px) 100vw, 1024px\" \/><\/figure>\n\n\n\n<p>Ebooks, audiotapes et vid\u00e9os de coaching : des outils con\u00e7us par LTC pour vous aider \u00e0 d\u00e9bloquer vos freins internes, gagner en clart\u00e9 et avancer avec confiance vers une vie pro align\u00e9e et \u00e9panouie. Faites un pas de plus vers vous-m\u00eame.<\/p>\n\n\n\n<div class=\"wp-block-media-text is-stacked-on-mobile is-vertically-aligned-center\" style=\"grid-template-columns:38% auto\"><figure class=\"wp-block-media-text__media\"><a href=\"https:\/\/latraceusedechemin.com\/wp-content\/uploads\/2025\/05\/SMART-Goals-Poster-in-Colorful-Logo-Style.png\"><img loading=\"lazy\" decoding=\"async\" width=\"724\" height=\"1024\" src=\"https:\/\/latraceusedechemin.com\/wp-content\/uploads\/2025\/05\/SMART-Goals-Poster-in-Colorful-Logo-Style-724x1024.png\" alt=\"\" class=\"wp-image-310 size-full\" srcset=\"https:\/\/latraceusedechemin.com\/wp-content\/uploads\/2025\/05\/SMART-Goals-Poster-in-Colorful-Logo-Style-724x1024.png 724w, https:\/\/latraceusedechemin.com\/wp-content\/uploads\/2025\/05\/SMART-Goals-Poster-in-Colorful-Logo-Style-212x300.png 212w, https:\/\/latraceusedechemin.com\/wp-content\/uploads\/2025\/05\/SMART-Goals-Poster-in-Colorful-Logo-Style-768x1086.png 768w, https:\/\/latraceusedechemin.com\/wp-content\/uploads\/2025\/05\/SMART-Goals-Poster-in-Colorful-Logo-Style-1086x1536.png 1086w, https:\/\/latraceusedechemin.com\/wp-content\/uploads\/2025\/05\/SMART-Goals-Poster-in-Colorful-Logo-Style-1448x2048.png 1448w, https:\/\/latraceusedechemin.com\/wp-content\/uploads\/2025\/05\/SMART-Goals-Poster-in-Colorful-Logo-Style.png 1587w\" sizes=\"auto, (max-width: 724px) 100vw, 724px\" \/><\/a><\/figure><div class=\"wp-block-media-text__content\"><p><span id=\"ebook1\"> <\/span><\/p>\n\n\n\n<p><strong><mark style=\"background-color:rgba(0, 0, 0, 0);color:#ff6c04\" class=\"has-inline-color\">Cr\u00e9ez votre tracker en 5 clics-suivez votre \u00e9volution professionnelle avec des chiffres<\/mark><\/strong> <\/p>\n\n\n\n<p><strong><mark style=\"background-color:rgba(0, 0, 0, 0);color:#ff6c04\" class=\"has-inline-color\">Cat\u00e9gorie : ebook<\/mark><\/strong><\/p>\n\n\n\n<p><em>Cet ebook a \u00e9t\u00e9 con\u00e7u pour permettre \u00e0 tout professionnel de garder une trace chiffr\u00e9e de son parcours ou du parcours de son activit\u00e9. Salari\u00e9, entrepreneur et m\u00eame \u00e9tudiant, utilisez-le pour visualiser vos efforts, mesurer vos avanc\u00e9es et ajuster vos priorit\u00e9s.<\/em><\/p>\n\n\n\n<p><em>Date de publication : juin 2025<\/em><\/p>\n\n\n\n<p><mark style=\"background-color:rgba(0, 0, 0, 0);color:#ff6c04\" class=\"has-inline-color\">Actuellement indisponible<\/mark><\/p>\n<\/div><\/div>\n\n\n\n<div class=\"wp-block-media-text is-stacked-on-mobile\" style=\"grid-template-columns:39% auto\"><figure class=\"wp-block-media-text__media\"><a href=\"https:\/\/latraceusedechemin.com\/wp-content\/uploads\/2025\/06\/SLELPST-1-1.png\"><img loading=\"lazy\" decoding=\"async\" width=\"819\" height=\"1024\" src=\"https:\/\/latraceusedechemin.com\/wp-content\/uploads\/2025\/06\/SLELPST-1-1-819x1024.png\" alt=\"\" class=\"wp-image-461 size-full\" srcset=\"https:\/\/latraceusedechemin.com\/wp-content\/uploads\/2025\/06\/SLELPST-1-1-819x1024.png 819w, https:\/\/latraceusedechemin.com\/wp-content\/uploads\/2025\/06\/SLELPST-1-1-240x300.png 240w, https:\/\/latraceusedechemin.com\/wp-content\/uploads\/2025\/06\/SLELPST-1-1-768x960.png 768w, https:\/\/latraceusedechemin.com\/wp-content\/uploads\/2025\/06\/SLELPST-1-1.png 1080w\" sizes=\"auto, (max-width: 819px) 100vw, 819px\" \/><\/a><\/figure><div class=\"wp-block-media-text__content\"><p><span id=\"ebook2\"> <\/span><\/p>\n\n\n\n<p><strong><mark style=\"background-color:rgba(0, 0, 0, 0);color:#ff6c04\" class=\"has-inline-color\">Sous les \u00e9toiles les pieds sur terre &#8211; 6 sentiers pour choisir son chemin sans culpabilit\u00e9-volume 1 <\/mark><\/strong><\/p>\n\n\n\n<p><strong><mark style=\"background-color:rgba(0, 0, 0, 0);color:#ff6c04\" class=\"has-inline-color\">Cat\u00e9gorie : ebook<\/mark><\/strong><\/p>\n\n\n\n<p><em>Vous vous sentez tiraill\u00e9 entre vos ambitions personnelles et les attentes de votre entourage ? (famille, soci\u00e9t\u00e9, conjoint, etc.). Ce livre contient des exercices pratiques pour vous aider \u00e0 surmonter cette situation.<\/em><\/p>\n\n\n\n<p><em>Date de publication : juin 2025<\/em><\/p>\n\n\n\n<p><mark style=\"background-color:rgba(0, 0, 0, 0);color:#ff6c04\" class=\"has-inline-color\">Actuellement indisponible<\/mark><\/p>\n<\/div><\/div>\n\n\n\n<div class=\"wp-block-media-text is-stacked-on-mobile\" style=\"grid-template-columns:39% auto\"><figure class=\"wp-block-media-text__media\"><a href=\"https:\/\/latraceusedechemin.com\/wp-content\/uploads\/2025\/06\/Voyage-et-Mode-de-vie-E-book-Couverture.png\"><img loading=\"lazy\" decoding=\"async\" width=\"642\" height=\"1024\" src=\"https:\/\/latraceusedechemin.com\/wp-content\/uploads\/2025\/06\/Voyage-et-Mode-de-vie-E-book-Couverture-642x1024.png\" alt=\"\" class=\"wp-image-464 size-full\" srcset=\"https:\/\/latraceusedechemin.com\/wp-content\/uploads\/2025\/06\/Voyage-et-Mode-de-vie-E-book-Couverture-642x1024.png 642w, https:\/\/latraceusedechemin.com\/wp-content\/uploads\/2025\/06\/Voyage-et-Mode-de-vie-E-book-Couverture-188x300.png 188w, https:\/\/latraceusedechemin.com\/wp-content\/uploads\/2025\/06\/Voyage-et-Mode-de-vie-E-book-Couverture-768x1226.png 768w, https:\/\/latraceusedechemin.com\/wp-content\/uploads\/2025\/06\/Voyage-et-Mode-de-vie-E-book-Couverture-963x1536.png 963w, https:\/\/latraceusedechemin.com\/wp-content\/uploads\/2025\/06\/Voyage-et-Mode-de-vie-E-book-Couverture-1283x2048.png 1283w, https:\/\/latraceusedechemin.com\/wp-content\/uploads\/2025\/06\/Voyage-et-Mode-de-vie-E-book-Couverture.png 1410w\" sizes=\"auto, (max-width: 642px) 100vw, 642px\" \/><\/a><\/figure><div class=\"wp-block-media-text__content\"><p><span id=\"ebook3\"> <\/span><\/p>\n\n\n\n<p><strong><mark style=\"background-color:rgba(0, 0, 0, 0);color:#ff6c04\" class=\"has-inline-color\">Ces 9000 choses que vous pouvez encore faire<\/mark><\/strong><\/p>\n\n\n\n<p><strong><mark style=\"background-color:rgba(0, 0, 0, 0);color:#ff6c04\" class=\"has-inline-color\">Cat\u00e9gorie : ebook<\/mark><\/strong><\/p>\n\n\n\n<p><em>Vous avez la sensation d&rsquo;\u00eatre au pied du mur, face \u00e0 une situation o\u00f9 il n&rsquo;y a plus d&rsquo;espoir ? Reprenez le contr\u00f4le de ces 3 d\u00e9cisions pour transformer votre vie : focus, sens et action.<\/em><\/p>\n\n\n\n<p><em>Date de publication : juillet 2025<\/em><\/p>\n\n\n\n<p><mark style=\"background-color:rgba(0, 0, 0, 0);color:#ff6c04\" class=\"has-inline-color\">Actuellement indisponible<\/mark><\/p>\n<\/div><\/div>\n\n\n\n<div class=\"wp-block-media-text is-stacked-on-mobile\" style=\"grid-template-columns:39% auto\"><figure class=\"wp-block-media-text__media\"><a href=\"https:\/\/latraceusedechemin.com\/wp-content\/uploads\/2025\/08\/Vous-netes-pas-nul-vous-avez-juste-un-fixed-mindset-1.png\"><img loading=\"lazy\" decoding=\"async\" width=\"512\" height=\"800\" src=\"https:\/\/latraceusedechemin.com\/wp-content\/uploads\/2025\/08\/Vous-netes-pas-nul-vous-avez-juste-un-fixed-mindset-1.png\" alt=\"\" class=\"wp-image-487 size-full\" srcset=\"https:\/\/latraceusedechemin.com\/wp-content\/uploads\/2025\/08\/Vous-netes-pas-nul-vous-avez-juste-un-fixed-mindset-1.png 512w, https:\/\/latraceusedechemin.com\/wp-content\/uploads\/2025\/08\/Vous-netes-pas-nul-vous-avez-juste-un-fixed-mindset-1-192x300.png 192w\" sizes=\"auto, (max-width: 512px) 100vw, 512px\" \/><\/a><\/figure><div class=\"wp-block-media-text__content\"><p><span id=\"ebook4\"> <\/span><\/p>\n\n\n\n<p><strong><mark style=\"background-color:rgba(0, 0, 0, 0);color:#ff6c04\" class=\"has-inline-color\">Vous n&rsquo;\u00eates pas nul, vous avez juste un fixed mindset<\/mark><\/strong><\/p>\n\n\n\n<p><strong><mark style=\"background-color:rgba(0, 0, 0, 0);color:#ff6c04\" class=\"has-inline-color\">Cat\u00e9gorie : ebook<\/mark><\/strong><\/p>\n\n\n\n<p><em>Vous avez constamment la sensation que malgr\u00e9 vos efforts, vous n&rsquo;arrivez pas \u00e0 aller loin dans les projets que vous entreprenez. Vous vous d\u00e9couragez vite, vous ne vous sentez pas \u00e0 la hauteur, tout le monde autour de vous semble avoir du talent naturel, mais pas vous&#8230; Vous avez peut-\u00eatre ce que la psychologue Carol Dweck appelle le fixed mindset. D\u00e9couvrez dans cet ouvrage, comment passer d&rsquo;un fixed mindset \u00e0 un growth mindset.<\/em><\/p>\n\n\n\n<p><mark style=\"background-color:rgba(0, 0, 0, 0);color:#ff6c04\" class=\"has-inline-color\">Actuellement indisponible<\/mark><\/p>\n<\/div><\/div>\n\n\n\n<p><\/p>\n","protected":false},"excerpt":{"rendered":"<p>Ebooks, audiotapes et vid\u00e9os de coaching : des outils con\u00e7us par LTC pour vous aider \u00e0 d\u00e9bloquer vos freins internes, gagner en clart\u00e9 et avancer avec confiance vers une vie pro align\u00e9e et \u00e9panouie. Faites un pas de plus vers vous-m\u00eame.<\/p>\n","protected":false},"author":1,"featured_media":0,"parent":0,"menu_order":0,"comment_status":"closed","ping_status":"closed","template":"","meta":{"footnotes":""},"class_list":["post-227","page","type-page","status-publish","hentry"],"yoast_head":"<!-- This site is optimized with the Yoast SEO plugin v25.1 - https:\/\/yoast.com\/wordpress\/plugins\/seo\/ -->\n<title>Toolth\u00e8que - La Traceuse De Chemin<\/title>\n<meta name=\"robots\" content=\"index, follow, max-snippet:-1, max-image-preview:large, max-video-preview:-1\" \/>\n<link rel=\"canonical\" href=\"https:\/\/latraceusedechemin.com\/index.php\/store\/\" \/>\n<meta property=\"og:locale\" content=\"fr_FR\" \/>\n<meta property=\"og:type\" content=\"article\" \/>\n<meta property=\"og:title\" content=\"Toolth\u00e8que - La Traceuse De Chemin\" \/>\n<meta property=\"og:description\" content=\"Ebooks, audiotapes et vid\u00e9os de coaching : des outils con\u00e7us par LTC pour vous aider \u00e0 d\u00e9bloquer vos freins internes, gagner en clart\u00e9 et avancer avec confiance vers une vie pro align\u00e9e et \u00e9panouie. Faites un pas de plus vers vous-m\u00eame.\" \/>\n<meta property=\"og:url\" content=\"https:\/\/latraceusedechemin.com\/index.php\/store\/\" \/>\n<meta property=\"og:site_name\" content=\"La Traceuse De Chemin\" \/>\n<meta property=\"article:publisher\" content=\"https:\/\/www.facebook.com\/thilda.winky?mibextid=ZbWKwL\" \/>\n<meta property=\"article:modified_time\" content=\"2025-10-19T16:46:27+00:00\" \/>\n<meta property=\"og:image\" content=\"https:\/\/latraceusedechemin.com\/wp-content\/uploads\/2025\/07\/ef31071f-6db6-4031-afff-131192b03edc.jpg\" \/>\n\t<meta property=\"og:image:width\" content=\"1792\" \/>\n\t<meta property=\"og:image:height\" content=\"1024\" \/>\n\t<meta property=\"og:image:type\" content=\"image\/jpeg\" \/>\n<meta name=\"twitter:card\" content=\"summary_large_image\" \/>\n<meta name=\"twitter:label1\" content=\"Dur\u00e9e de lecture estim\u00e9e\" \/>\n\t<meta name=\"twitter:data1\" content=\"3 minutes\" \/>\n<script type=\"application\/ld+json\" class=\"yoast-schema-graph\">{\"@context\":\"https:\/\/schema.org\",\"@graph\":[{\"@type\":\"WebPage\",\"@id\":\"https:\/\/latraceusedechemin.com\/index.php\/store\/\",\"url\":\"https:\/\/latraceusedechemin.com\/index.php\/store\/\",\"name\":\"Toolth\u00e8que - La Traceuse De Chemin\",\"isPartOf\":{\"@id\":\"https:\/\/latraceusedechemin.com\/#website\"},\"primaryImageOfPage\":{\"@id\":\"https:\/\/latraceusedechemin.com\/index.php\/store\/#primaryimage\"},\"image\":{\"@id\":\"https:\/\/latraceusedechemin.com\/index.php\/store\/#primaryimage\"},\"thumbnailUrl\":\"https:\/\/latraceusedechemin.com\/wp-content\/uploads\/2025\/07\/ef31071f-6db6-4031-afff-131192b03edc-1024x585.jpg\",\"datePublished\":\"2025-05-22T20:51:44+00:00\",\"dateModified\":\"2025-10-19T16:46:27+00:00\",\"breadcrumb\":{\"@id\":\"https:\/\/latraceusedechemin.com\/index.php\/store\/#breadcrumb\"},\"inLanguage\":\"fr-FR\",\"potentialAction\":[{\"@type\":\"ReadAction\",\"target\":[\"https:\/\/latraceusedechemin.com\/index.php\/store\/\"]}]},{\"@type\":\"ImageObject\",\"inLanguage\":\"fr-FR\",\"@id\":\"https:\/\/latraceusedechemin.com\/index.php\/store\/#primaryimage\",\"url\":\"https:\/\/latraceusedechemin.com\/wp-content\/uploads\/2025\/07\/ef31071f-6db6-4031-afff-131192b03edc.jpg\",\"contentUrl\":\"https:\/\/latraceusedechemin.com\/wp-content\/uploads\/2025\/07\/ef31071f-6db6-4031-afff-131192b03edc.jpg\",\"width\":1792,\"height\":1024,\"caption\":\"toolth\u00e8que-la-traceuse-de-chemin-banque-a-outils-thilda-godonou\"},{\"@type\":\"BreadcrumbList\",\"@id\":\"https:\/\/latraceusedechemin.com\/index.php\/store\/#breadcrumb\",\"itemListElement\":[{\"@type\":\"ListItem\",\"position\":1,\"name\":\"Accueil\",\"item\":\"https:\/\/latraceusedechemin.com\/\"},{\"@type\":\"ListItem\",\"position\":2,\"name\":\"Toolth\u00e8que\"}]},{\"@type\":\"WebSite\",\"@id\":\"https:\/\/latraceusedechemin.com\/#website\",\"url\":\"https:\/\/latraceusedechemin.com\/\",\"name\":\"La Traceuse De Chemin\",\"description\":\"Bienvenue dans la vall\u00e9e de tous les possibles\",\"publisher\":{\"@id\":\"https:\/\/latraceusedechemin.com\/#organization\"},\"potentialAction\":[{\"@type\":\"SearchAction\",\"target\":{\"@type\":\"EntryPoint\",\"urlTemplate\":\"https:\/\/latraceusedechemin.com\/?s={search_term_string}\"},\"query-input\":{\"@type\":\"PropertyValueSpecification\",\"valueRequired\":true,\"valueName\":\"search_term_string\"}}],\"inLanguage\":\"fr-FR\"},{\"@type\":\"Organization\",\"@id\":\"https:\/\/latraceusedechemin.com\/#organization\",\"name\":\"La Traceuse De Chemin - Mathilde Mondoukp\u00e8 GODONOU\",\"url\":\"https:\/\/latraceusedechemin.com\/\",\"logo\":{\"@type\":\"ImageObject\",\"inLanguage\":\"fr-FR\",\"@id\":\"https:\/\/latraceusedechemin.com\/#\/schema\/logo\/image\/\",\"url\":\"https:\/\/latraceusedechemin.com\/wp-content\/uploads\/2025\/04\/ltc_logo.png\",\"contentUrl\":\"https:\/\/latraceusedechemin.com\/wp-content\/uploads\/2025\/04\/ltc_logo.png\",\"width\":500,\"height\":500,\"caption\":\"La Traceuse De Chemin - Mathilde Mondoukp\u00e8 GODONOU\"},\"image\":{\"@id\":\"https:\/\/latraceusedechemin.com\/#\/schema\/logo\/image\/\"},\"sameAs\":[\"https:\/\/www.facebook.com\/thilda.winky?mibextid=ZbWKwL\"]}]}<\/script>\n<!-- \/ Yoast SEO plugin. -->","yoast_head_json":{"title":"Toolth\u00e8que - La Traceuse De Chemin","robots":{"index":"index","follow":"follow","max-snippet":"max-snippet:-1","max-image-preview":"max-image-preview:large","max-video-preview":"max-video-preview:-1"},"canonical":"https:\/\/latraceusedechemin.com\/index.php\/store\/","og_locale":"fr_FR","og_type":"article","og_title":"Toolth\u00e8que - La Traceuse De Chemin","og_description":"Ebooks, audiotapes et vid\u00e9os de coaching : des outils con\u00e7us par LTC pour vous aider \u00e0 d\u00e9bloquer vos freins internes, gagner en clart\u00e9 et avancer avec confiance vers une vie pro align\u00e9e et \u00e9panouie. Faites un pas de plus vers vous-m\u00eame.","og_url":"https:\/\/latraceusedechemin.com\/index.php\/store\/","og_site_name":"La Traceuse De Chemin","article_publisher":"https:\/\/www.facebook.com\/thilda.winky?mibextid=ZbWKwL","article_modified_time":"2025-10-19T16:46:27+00:00","og_image":[{"width":1792,"height":1024,"url":"https:\/\/latraceusedechemin.com\/wp-content\/uploads\/2025\/07\/ef31071f-6db6-4031-afff-131192b03edc.jpg","type":"image\/jpeg"}],"twitter_card":"summary_large_image","twitter_misc":{"Dur\u00e9e de lecture estim\u00e9e":"3 minutes"},"schema":{"@context":"https:\/\/schema.org","@graph":[{"@type":"WebPage","@id":"https:\/\/latraceusedechemin.com\/index.php\/store\/","url":"https:\/\/latraceusedechemin.com\/index.php\/store\/","name":"Toolth\u00e8que - La Traceuse De Chemin","isPartOf":{"@id":"https:\/\/latraceusedechemin.com\/#website"},"primaryImageOfPage":{"@id":"https:\/\/latraceusedechemin.com\/index.php\/store\/#primaryimage"},"image":{"@id":"https:\/\/latraceusedechemin.com\/index.php\/store\/#primaryimage"},"thumbnailUrl":"https:\/\/latraceusedechemin.com\/wp-content\/uploads\/2025\/07\/ef31071f-6db6-4031-afff-131192b03edc-1024x585.jpg","datePublished":"2025-05-22T20:51:44+00:00","dateModified":"2025-10-19T16:46:27+00:00","breadcrumb":{"@id":"https:\/\/latraceusedechemin.com\/index.php\/store\/#breadcrumb"},"inLanguage":"fr-FR","potentialAction":[{"@type":"ReadAction","target":["https:\/\/latraceusedechemin.com\/index.php\/store\/"]}]},{"@type":"ImageObject","inLanguage":"fr-FR","@id":"https:\/\/latraceusedechemin.com\/index.php\/store\/#primaryimage","url":"https:\/\/latraceusedechemin.com\/wp-content\/uploads\/2025\/07\/ef31071f-6db6-4031-afff-131192b03edc.jpg","contentUrl":"https:\/\/latraceusedechemin.com\/wp-content\/uploads\/2025\/07\/ef31071f-6db6-4031-afff-131192b03edc.jpg","width":1792,"height":1024,"caption":"toolth\u00e8que-la-traceuse-de-chemin-banque-a-outils-thilda-godonou"},{"@type":"BreadcrumbList","@id":"https:\/\/latraceusedechemin.com\/index.php\/store\/#breadcrumb","itemListElement":[{"@type":"ListItem","position":1,"name":"Accueil","item":"https:\/\/latraceusedechemin.com\/"},{"@type":"ListItem","position":2,"name":"Toolth\u00e8que"}]},{"@type":"WebSite","@id":"https:\/\/latraceusedechemin.com\/#website","url":"https:\/\/latraceusedechemin.com\/","name":"La Traceuse De Chemin","description":"Bienvenue dans la vall\u00e9e de tous les possibles","publisher":{"@id":"https:\/\/latraceusedechemin.com\/#organization"},"potentialAction":[{"@type":"SearchAction","target":{"@type":"EntryPoint","urlTemplate":"https:\/\/latraceusedechemin.com\/?s={search_term_string}"},"query-input":{"@type":"PropertyValueSpecification","valueRequired":true,"valueName":"search_term_string"}}],"inLanguage":"fr-FR"},{"@type":"Organization","@id":"https:\/\/latraceusedechemin.com\/#organization","name":"La Traceuse De Chemin - Mathilde Mondoukp\u00e8 GODONOU","url":"https:\/\/latraceusedechemin.com\/","logo":{"@type":"ImageObject","inLanguage":"fr-FR","@id":"https:\/\/latraceusedechemin.com\/#\/schema\/logo\/image\/","url":"https:\/\/latraceusedechemin.com\/wp-content\/uploads\/2025\/04\/ltc_logo.png","contentUrl":"https:\/\/latraceusedechemin.com\/wp-content\/uploads\/2025\/04\/ltc_logo.png","width":500,"height":500,"caption":"La Traceuse De Chemin - Mathilde Mondoukp\u00e8 GODONOU"},"image":{"@id":"https:\/\/latraceusedechemin.com\/#\/schema\/logo\/image\/"},"sameAs":["https:\/\/www.facebook.com\/thilda.winky?mibextid=ZbWKwL"]}]}},"_links":{"self":[{"href":"https:\/\/latraceusedechemin.com\/index.php\/wp-json\/wp\/v2\/pages\/227","targetHints":{"allow":["GET"]}}],"collection":[{"href":"https:\/\/latraceusedechemin.com\/index.php\/wp-json\/wp\/v2\/pages"}],"about":[{"href":"https:\/\/latraceusedechemin.com\/index.php\/wp-json\/wp\/v2\/types\/page"}],"author":[{"embeddable":true,"href":"https:\/\/latraceusedechemin.com\/index.php\/wp-json\/wp\/v2\/users\/1"}],"replies":[{"embeddable":true,"href":"https:\/\/latraceusedechemin.com\/index.php\/wp-json\/wp\/v2\/comments?post=227"}],"version-history":[{"count":29,"href":"https:\/\/latraceusedechemin.com\/index.php\/wp-json\/wp\/v2\/pages\/227\/revisions"}],"predecessor-version":[{"id":500,"href":"https:\/\/latraceusedechemin.com\/index.php\/wp-json\/wp\/v2\/pages\/227\/revisions\/500"}],"wp:attachment":[{"href":"https:\/\/latraceusedechemin.com\/index.php\/wp-json\/wp\/v2\/media?parent=227"}],"curies":[{"name":"wp","href":"https:\/\/api.w.org\/{rel}","templated":true}]}}